{"id":7764,"date":"2020-07-12T13:12:17","date_gmt":"2020-07-12T13:12:17","guid":{"rendered":"https:\/\/medicalcriteria.com\/web\/?page_id=7764"},"modified":"2024-04-25T15:34:40","modified_gmt":"2024-04-25T15:34:40","slug":"criteria","status":"publish","type":"page","link":"https:\/\/medicalcriteria.com\/web\/es\/criteria\/","title":{"rendered":"Criteria"},"content":{"rendered":"<div class=\"7ca9444b8380138fe077da07353677a4\" data-index=\"1\" style=\"float: none; margin:0px 0 0px 0; text-align:center;\">\n<script async src=\"https:\/\/pagead2.googlesyndication.com\/pagead\/js\/adsbygoogle.js\"><\/script>\r\n<!-- MC 2019- Horizontal -->\r\n<ins class=\"adsbygoogle\"\r\n     style=\"display:block\"\r\n     data-ad-client=\"ca-pub-0127150553352455\"\r\n     data-ad-slot=\"3806776041\"\r\n     data-ad-format=\"auto\"\r\n     data-full-width-responsive=\"true\"><\/ins>\r\n<script>\r\n     (adsbygoogle = window.adsbygoogle || []).push({});\r\n<\/script>\n<\/div>\n<p>Categor\u00edas por especialidades m\u00e9dicas<\/p>\n<ul>\n<li><a href=\"https:\/\/medicalcriteria.com\/web\/es\/category\/criteria\/allergy\/\">Alergia<\/a><\/li>\n<li><a href=\"https:\/\/medicalcriteria.com\/web\/es\/category\/criteria\/pathologic\/\">Anatom\u00eda Patol\u00f3gica<\/a><\/li>\n<li><a href=\"https:\/\/medicalcriteria.com\/web\/es\/category\/criteria\/anesthesiology\/\">Anestesiolog\u00eda<\/a><\/li>\n<li><a href=\"https:\/\/medicalcriteria.com\/web\/es\/category\/criteria\/cardiology\/\">Cardiolog\u00eda<\/a><\/li>\n<li><a href=\"https:\/\/medicalcriteria.com\/web\/es\/category\/criteria\/surgery\/\">Cirug\u00eda<\/a><\/li>\n<li><a href=\"https:\/\/medicalcriteria.com\/web\/es\/category\/criteria\/critical-care\/\">Cuidados Cr\u00edticos<\/a><\/li>\n<li><a href=\"https:\/\/medicalcriteria.com\/web\/es\/category\/criteria\/dermatology\/\">Dermatolog\u00eda<\/a><\/li>\n<li><a href=\"https:\/\/medicalcriteria.com\/web\/es\/category\/criteria\/diabetes\/\">Diabetes<\/a><\/li>\n<li><a href=\"https:\/\/medicalcriteria.com\/web\/es\/category\/criteria\/endocrinology-and-metabolism\/\">Endocrinolog\u00eda y metabolismo<\/a><\/li>\n<li><a href=\"https:\/\/medicalcriteria.com\/web\/es\/category\/criteria\/epidemiology\/\">Epidemiolog\u00eda<\/a><\/li>\n<li><a href=\"https:\/\/medicalcriteria.com\/web\/es\/category\/criteria\/pharmacology\/\">Farmacolog\u00eda<\/a><\/li>\n<li><a href=\"https:\/\/medicalcriteria.com\/web\/es\/category\/criteria\/physical-therapists\/\">Fisioterapia<\/a><\/li>\n<li><a href=\"https:\/\/medicalcriteria.com\/web\/es\/category\/criteria\/gastroenterology\/\">Gastroenterolog\u00eda<\/a><\/li>\n<li><a href=\"https:\/\/medicalcriteria.com\/web\/es\/category\/criteria\/obstetrics-gynecology\/\">Ginecolog\u00eda<\/a><\/li>\n<li><a href=\"https:\/\/medicalcriteria.com\/web\/es\/category\/criteria\/hematology\/\">Hematolog\u00eda<\/a><\/li>\n<li><a href=\"https:\/\/medicalcriteria.com\/web\/es\/category\/criteria\/infetious-disease\/\">Infectolog\u00eda<\/a><\/li>\n<li><a href=\"https:\/\/medicalcriteria.com\/web\/es\/category\/criteria\/immunology\/\">Inmumolog\u00eda<\/a><\/li>\n<li><a href=\"https:\/\/medicalcriteria.com\/web\/es\/category\/criteria\/family-practice\/\">Medicina Familiar<\/a><\/li>\n<li><a href=\"https:\/\/medicalcriteria.com\/web\/es\/category\/criteria\/internal-medicine\/\">Medicina Interna<\/a><\/li>\n<li><a href=\"https:\/\/medicalcriteria.com\/web\/es\/category\/criteria\/nephrology\/\">Nefrolog\u00eda<\/a><\/li>\n<li><a href=\"https:\/\/medicalcriteria.com\/web\/es\/category\/criteria\/pulmonary\/\">Neumonolog\u00eda<\/a><\/li>\n<li><a href=\"https:\/\/medicalcriteria.com\/web\/es\/category\/criteria\/neurology\/\">Neurolog\u00eda<\/a><\/li>\n<li><a href=\"https:\/\/medicalcriteria.com\/web\/es\/category\/criteria\/nutrition\/\">Nutrici\u00f3n<\/a><\/li>\n<li><a href=\"https:\/\/medicalcriteria.com\/web\/es\/category\/criteria\/obstetrics-gynecology\/\">Obstetricia<\/a><\/li>\n<li><a href=\"https:\/\/medicalcriteria.com\/web\/es\/category\/criteria\/ophthalmology\/\">Oftalmolog\u00eda<\/a><\/li>\n<li><a href=\"https:\/\/medicalcriteria.com\/web\/es\/category\/criteria\/oncology\/\">Oncolog\u00eda<\/a><\/li>\n<li><a href=\"https:\/\/medicalcriteria.com\/web\/es\/category\/criteria\/orthopedic\/\">Ortopedia<\/a><\/li>\n<li><a href=\"https:\/\/medicalcriteria.com\/web\/es\/category\/criteria\/otolaryngology\/\">Otorrinolaringolog\u00eda<\/a><\/li>\n<li><a href=\"https:\/\/medicalcriteria.com\/web\/es\/category\/criteria\/pediatrics\/\">Pediatr\u00eda<\/a><\/li>\n<li><a href=\"https:\/\/medicalcriteria.com\/web\/es\/category\/criteria\/psychiatry\/\">Psiquiatr\u00eda<\/a><\/li>\n<li><a href=\"https:\/\/medicalcriteria.com\/web\/es\/category\/criteria\/radiology\/\">Radiolog\u00eda<\/a><\/li>\n<li><a href=\"https:\/\/medicalcriteria.com\/web\/es\/category\/criteria\/rheumatology\/\">Reumatolog\u00eda<\/a><\/li>\n<li><a href=\"https:\/\/medicalcriteria.com\/web\/es\/category\/criteria\/urology\/\">Urolog\u00eda<\/a><\/li>\n<\/ul>\n<p><script async src=\"\/\/pagead2.googlesyndication.com\/pagead\/js\/adsbygoogle.js\"><\/script><br \/>\n<ins class=\"adsbygoogle\" style=\"display: block; text-align: center;\" data-ad-layout=\"in-article\" data-ad-format=\"fluid\" data-ad-client=\"ca-pub-0127150553352455\" data-ad-slot=\"7834404329\"><\/ins><br \/>\n<script>\n     (adsbygoogle = window.adsbygoogle || []).push({});\n<\/script><\/p>\n\n<div style=\"font-size: 0px; height: 0px; line-height: 0px; margin: 0; padding: 0; clear: both;\"><\/div>","protected":false},"excerpt":{"rendered":"<p>Categor\u00edas por especialidades m\u00e9dicas Alergia Anatom\u00eda Patol\u00f3gica Anestesiolog\u00eda Cardiolog\u00eda Cirug\u00eda Cuidados Cr\u00edticos Dermatolog\u00eda Diabetes Endocrinolog\u00eda y metabolismo Epidemiolog\u00eda Farmacolog\u00eda Fisioterapia Gastroenterolog\u00eda Ginecolog\u00eda Hematolog\u00eda Infectolog\u00eda Inmumolog\u00eda Medicina Familiar Medicina Interna Nefrolog\u00eda Neumonolog\u00eda Neurolog\u00eda Nutrici\u00f3n Obstetricia Oftalmolog\u00eda Oncolog\u00eda Ortopedia Otorrinolaringolog\u00eda Pediatr\u00eda Psiquiatr\u00eda Radiolog\u00eda Reumatolog\u00eda Urolog\u00eda<\/p>\n","protected":false},"author":2,"featured_media":0,"parent":0,"menu_order":0,"comment_status":"closed","ping_status":"closed","template":"","meta":{"_lmt_disableupdate":"no","_lmt_disable":"","_exactmetrics_skip_tracking":false,"_exactmetrics_sitenote_active":false,"_exactmetrics_sitenote_note":"","_exactmetrics_sitenote_category":0,"footnotes":""},"class_list":["post-7764","page","type-page","status-publish","hentry"],"_links":{"self":[{"href":"https:\/\/medicalcriteria.com\/web\/es\/wp-json\/wp\/v2\/pages\/7764","targetHints":{"allow":["GET"]}}],"collection":[{"href":"https:\/\/medicalcriteria.com\/web\/es\/wp-json\/wp\/v2\/pages"}],"about":[{"href":"https:\/\/medicalcriteria.com\/web\/es\/wp-json\/wp\/v2\/types\/page"}],"author":[{"embeddable":true,"href":"https:\/\/medicalcriteria.com\/web\/es\/wp-json\/wp\/v2\/users\/2"}],"replies":[{"embeddable":true,"href":"https:\/\/medicalcriteria.com\/web\/es\/wp-json\/wp\/v2\/comments?post=7764"}],"version-history":[{"count":5,"href":"https:\/\/medicalcriteria.com\/web\/es\/wp-json\/wp\/v2\/pages\/7764\/revisions"}],"predecessor-version":[{"id":7769,"href":"https:\/\/medicalcriteria.com\/web\/es\/wp-json\/wp\/v2\/pages\/7764\/revisions\/7769"}],"wp:attachment":[{"href":"https:\/\/medicalcriteria.com\/web\/es\/wp-json\/wp\/v2\/media?parent=7764"}],"curies":[{"name":"wp","href":"https:\/\/api.w.org\/{rel}","templated":true}]}}